{"id":296,"date":"2023-07-15T11:29:38","date_gmt":"2023-07-15T11:29:38","guid":{"rendered":"http:\/\/iptvpremiume.com\/?post_type=product&#038;p=296"},"modified":"2025-09-22T12:00:24","modified_gmt":"2025-09-22T12:00:24","slug":"abonnement-12-mois","status":"publish","type":"product","link":"https:\/\/iptvpremiume.com\/nos-offres\/product\/abonnement-12-mois\/","title":{"rendered":"Abonnement 12 Mois"},"content":{"rendered":"<div>\n<div>\u2713 Compatible avec toutes les applications iptv ( smart iptv \u2013 duplex play- iptv smarters pro- xciptv player- set iptv- net iptv \u2013 ss iptv \u2013 vlc \u2013 xtream iptv \u2013 gse iptv- ect \u2026..)<\/div>\n<div>\u2713 apr\u00e8s le paiement vous recevrez votre lien m3u et vos codes xtream .<\/div>\n<\/div>\n<div>\u2713 Vous obtenez plus de 37000 cha\u00eenes ordinaires et premium instantan\u00e9ment.<br \/>\n\u2713 Vous obtenez plus de 99000 films et \u00e9missions de t\u00e9l\u00e9vision (VOD).<br \/>\n\u2713 Fini les factures de c\u00e2ble plus ch\u00e8res.<br \/>\n\u2713 Notre service IPTV est toujours disponible 99,99% du temps!<br \/>\n\u2713 Service IPTV solide, sans mise en m\u00e9moire tampon ni gel (Internet stable requis).<br \/>\n\u2713 Vous obtenez une garantie de satisfaction \u00e0 100%.<br \/>\n\u2713 Vous obtenez le meilleur prix.<br \/>\n\u2713 Vous b\u00e9n\u00e9ficiez d\u2019un service client 24\/7.<\/div>\n","protected":false},"excerpt":{"rendered":"<p>Ce produit contient :<\/p>\n<ul>\n<li>Un abonnement premium de 12 mois.<\/li>\n<li>Aide \u00e0 l\u2019installation (Rapide en 10 min).<\/li>\n<li>Support technique et service apr\u00e8s vente 24\/7 pendant toute la p\u00e9riode de l\u2019abonnement.<\/li>\n<\/ul>\n","protected":false},"featured_media":297,"comment_status":"closed","ping_status":"closed","template":"","meta":[],"product_brand":[],"product_cat":[17],"product_tag":[],"class_list":{"0":"post-296","1":"product","2":"type-product","3":"status-publish","4":"has-post-thumbnail","6":"product_cat-iptv","8":"first","9":"instock","10":"virtual","11":"purchasable","12":"product-type-simple"},"_links":{"self":[{"href":"https:\/\/iptvpremiume.com\/nos-offres\/wp-json\/wp\/v2\/product\/296","targetHints":{"allow":["GET"]}}],"collection":[{"href":"https:\/\/iptvpremiume.com\/nos-offres\/wp-json\/wp\/v2\/product"}],"about":[{"href":"https:\/\/iptvpremiume.com\/nos-offres\/wp-json\/wp\/v2\/types\/product"}],"replies":[{"embeddable":true,"href":"https:\/\/iptvpremiume.com\/nos-offres\/wp-json\/wp\/v2\/comments?post=296"}],"wp:featuredmedia":[{"embeddable":true,"href":"https:\/\/iptvpremiume.com\/nos-offres\/wp-json\/wp\/v2\/media\/297"}],"wp:attachment":[{"href":"https:\/\/iptvpremiume.com\/nos-offres\/wp-json\/wp\/v2\/media?parent=296"}],"wp:term":[{"taxonomy":"product_brand","embeddable":true,"href":"https:\/\/iptvpremiume.com\/nos-offres\/wp-json\/wp\/v2\/product_brand?post=296"},{"taxonomy":"product_cat","embeddable":true,"href":"https:\/\/iptvpremiume.com\/nos-offres\/wp-json\/wp\/v2\/product_cat?post=296"},{"taxonomy":"product_tag","embeddable":true,"href":"https:\/\/iptvpremiume.com\/nos-offres\/wp-json\/wp\/v2\/product_tag?post=296"}],"curies":[{"name":"wp","href":"https:\/\/api.w.org\/{rel}","templated":true}]}}