{"id":221,"date":"2023-07-14T11:38:14","date_gmt":"2023-07-14T11:38:14","guid":{"rendered":"http:\/\/iptvpremiume.com\/?page_id=221"},"modified":"2023-07-14T11:52:30","modified_gmt":"2023-07-14T11:52:30","slug":"faqs","status":"publish","type":"page","link":"https:\/\/iptvpremiume.com\/nos-offres\/faqs\/","title":{"rendered":"FAQs"},"content":{"rendered":"\t\t<div data-elementor-type=\"wp-page\" data-elementor-id=\"221\" class=\"elementor elementor-221\">\n\t\t\t\t\t\t<div class=\"elementor-section elementor-top-section elementor-element elementor-element-cb5c980 elementor-section-boxed elementor-section-height-default elementor-section-height-default\" data-id=\"cb5c980\" data-element_type=\"section\">\n\t\t\t\t\t\t<div class=\"elementor-container elementor-column-gap-default\">\n\t\t\t\t\t<div class=\"elementor-column elementor-col-100 elementor-top-column elementor-element elementor-element-6b396aa elementor-invisible\" data-id=\"6b396aa\" data-element_type=\"column\" data-settings=\"{&quot;animation&quot;:&quot;fadeInUp&quot;}\">\n\t\t\t<div class=\"elementor-widget-wrap elementor-element-populated\">\n\t\t\t\t\t\t<div class=\"elementor-element elementor-element-0a4cf15 elementor-widget__width-initial elementor-widget-tablet__width-initial elementor-widget-mobile__width-inherit ui-e-a-animate elementor-widget elementor-widget-highlighted-text\" data-id=\"0a4cf15\" data-element_type=\"widget\" data-widget_type=\"highlighted-text.default\">\n\t\t\t\t<div class=\"elementor-widget-container\">\n\t\t\t\t\t\t\t<h2 class=\"ui-e--highlighted-text\" >\r\n        <span class=\"whitespace\"> <\/span><span class=\"ui-e-headline-text ui-e-headline-stroke7\">\r\n\t\t\t\t\t\t\t<span class=\"ui-e-headline-text ui-e-headline-highlighted\">Questions<\/span><span class=\"uicore-svg-wrapper\"><svg xmlns=\"http:\/\/www.w3.org\/2000\/svg\" viewBox=\"0 0 500 150\" preserveAspectRatio=\"none\"><path d='M15.2 133.3H485'\/><\/svg><\/span><\/span><span class=\"whitespace\"> <\/span><span class=\"ui-e-headline-text\">fr\u00e9quemment pos\u00e9es<\/span>        <\/h2>\r\n        \t\t\t\t<\/div>\n\t\t\t\t<\/div>\n\t\t\t\t<div class=\"elementor-element elementor-element-b61ad1a elementor-widget__width-initial elementor-widget-tablet__width-inherit elementor-widget-mobile__width-inherit elementor-widget elementor-widget-bdt-accordion\" data-id=\"b61ad1a\" data-element_type=\"widget\" data-widget_type=\"bdt-accordion.default\">\n\t\t\t\t<div class=\"elementor-widget-container\">\n\t\t\t\t\t        <div class=\"bdt-ep-accordion-container\">\n            <div id=\"bdt-ep-accordion-b61ad1a\" class=\"bdt-ep-accordion bdt-accordion\" data-bdt-accordion=\"{&quot;collapsible&quot;:true,&quot;multiple&quot;:false,&quot;transition&quot;:&quot;ease-in-out&quot;}\" data-settings=\"{&quot;id&quot;:&quot;bdt-ep-accordion-b61ad1a&quot;,&quot;activeHash&quot;:&quot;no&quot;,&quot;activeScrollspy&quot;:null,&quot;hashTopOffset&quot;:false,&quot;hashScrollspyTime&quot;:false}\">\n                                    <div class=\"bdt-ep-accordion-item\">\n                        <div class=\"bdt-ep-accordion-title bdt-accordion-title bdt-flex bdt-flex-middle bdt-flex-between\" id=\"bdt-ep-accordion-quelles-chanes-pays-et-bouquets-contient-labonnement\" data-accordion-index=\"0\" data-title=\"quelles-cha-nes-pays-et-bouquets-contient-l-039-abonnement\" role=\"heading\">\n\n                                                            <span class=\"bdt-ep-accordion-icon bdt-flex-align-right\" aria-hidden=\"true\">\n\n                                                                            <span class=\"bdt-ep-accordion-icon-closed\">\n                                            <i aria-hidden=\"true\" class=\"fa-fw fas fa-chevron-down\"><\/i>                                        <\/span>\n                                    \n                                                                            <span class=\"bdt-ep-accordion-icon-opened\">\n                                            <i aria-hidden=\"true\" class=\"fa-fw fas fa-chevron-up\"><\/i>                                        <\/span>\n                                    \n                                <\/span>\n                            \n                            <span class=\"bdt-ep-title-text bdt-flex bdt-flex-middle\">\n\n                                                                Quelles cha\u00eenes, pays et bouquets contient l&#039;abonnement?                            <\/span>\n\n                        <\/div>\n                        <div class=\"bdt-ep-accordion-content bdt-accordion-content\">\n                            <p>L\u2019abonnement contient toutes les cha\u00eenes du monde entier ainsi que des milliers de films et s\u00e9ries mises \u00e0 jour r\u00e9guli\u00e8rement.<\/p>                        <\/div>\n                    <\/div>\n                                    <div class=\"bdt-ep-accordion-item\">\n                        <div class=\"bdt-ep-accordion-title bdt-accordion-title bdt-flex bdt-flex-middle bdt-flex-between\" id=\"bdt-ep-accordion-quels-langues-sont-disponibles-pour-les-films-et-sries\" data-accordion-index=\"1\" data-title=\"quels-langues-sont-disponibles-pour-les-films-et-s-ries\" role=\"heading\">\n\n                                                            <span class=\"bdt-ep-accordion-icon bdt-flex-align-right\" aria-hidden=\"true\">\n\n                                                                            <span class=\"bdt-ep-accordion-icon-closed\">\n                                            <i aria-hidden=\"true\" class=\"fa-fw fas fa-chevron-down\"><\/i>                                        <\/span>\n                                    \n                                                                            <span class=\"bdt-ep-accordion-icon-opened\">\n                                            <i aria-hidden=\"true\" class=\"fa-fw fas fa-chevron-up\"><\/i>                                        <\/span>\n                                    \n                                <\/span>\n                            \n                            <span class=\"bdt-ep-title-text bdt-flex bdt-flex-middle\">\n\n                                                                Quels langues sont disponibles pour les Films et S\u00e9ries?                            <\/span>\n\n                        <\/div>\n                        <div class=\"bdt-ep-accordion-content bdt-accordion-content\">\n                            <p>Fran\u00e7ais<br \/>Anglais<br \/>Arabe (Maroc, Alg\u00e9rie, Egypte, Tunisie, \u2026)<br \/>Italien<br \/>Espagnole<br \/>Portugais<br \/>Canadien<br \/>Indien<br \/>Hollandais<br \/>Note: Les sous-titres sont aussi disponibles<\/p>                        <\/div>\n                    <\/div>\n                                    <div class=\"bdt-ep-accordion-item\">\n                        <div class=\"bdt-ep-accordion-title bdt-accordion-title bdt-flex bdt-flex-middle bdt-flex-between\" id=\"bdt-ep-accordion-est-ce-que-je-peux-utiliser-labonnement-avec-vpn\" data-accordion-index=\"2\" data-title=\"est-ce-que-je-peux-utiliser-l-039-abonnement-avec-vpn\" role=\"heading\">\n\n                                                            <span class=\"bdt-ep-accordion-icon bdt-flex-align-right\" aria-hidden=\"true\">\n\n                                                                            <span class=\"bdt-ep-accordion-icon-closed\">\n                                            <i aria-hidden=\"true\" class=\"fa-fw fas fa-chevron-down\"><\/i>                                        <\/span>\n                                    \n                                                                            <span class=\"bdt-ep-accordion-icon-opened\">\n                                            <i aria-hidden=\"true\" class=\"fa-fw fas fa-chevron-up\"><\/i>                                        <\/span>\n                                    \n                                <\/span>\n                            \n                            <span class=\"bdt-ep-title-text bdt-flex bdt-flex-middle\">\n\n                                                                Est-ce que je peux utiliser l&#039;abonnement avec vpn ?                            <\/span>\n\n                        <\/div>\n                        <div class=\"bdt-ep-accordion-content bdt-accordion-content\">\n                            <p>Oui notre abonnement marche avec vpn et sans vpn.<\/p>                        <\/div>\n                    <\/div>\n                                    <div class=\"bdt-ep-accordion-item\">\n                        <div class=\"bdt-ep-accordion-title bdt-accordion-title bdt-flex bdt-flex-middle bdt-flex-between\" id=\"bdt-ep-accordion-je-suis-nul-en-informaique-est-ce-que-vous-pouvez-maider-pour-faire-linstallation\" data-accordion-index=\"3\" data-title=\"je-suis-nul-en-informaique-est-ce-que-vous-pouvez-m-039-aider-pour-faire-l-039-installation\" role=\"heading\">\n\n                                                            <span class=\"bdt-ep-accordion-icon bdt-flex-align-right\" aria-hidden=\"true\">\n\n                                                                            <span class=\"bdt-ep-accordion-icon-closed\">\n                                            <i aria-hidden=\"true\" class=\"fa-fw fas fa-chevron-down\"><\/i>                                        <\/span>\n                                    \n                                                                            <span class=\"bdt-ep-accordion-icon-opened\">\n                                            <i aria-hidden=\"true\" class=\"fa-fw fas fa-chevron-up\"><\/i>                                        <\/span>\n                                    \n                                <\/span>\n                            \n                            <span class=\"bdt-ep-title-text bdt-flex bdt-flex-middle\">\n\n                                                                Je suis nul en informaique est-ce que vous pouvez m&#039;aider pour faire l&#039;installation?                            <\/span>\n\n                        <\/div>\n                        <div class=\"bdt-ep-accordion-content bdt-accordion-content\">\n                            <p>Oui . Bien s\u00fbr Notre service client va s\u2019occuper de l\u2019installation au cas o\u00f9 vous n\u2019arrivez pas \u00e0 faire le n\u00e9cessaire<\/p>                        <\/div>\n                    <\/div>\n                                    <div class=\"bdt-ep-accordion-item\">\n                        <div class=\"bdt-ep-accordion-title bdt-accordion-title bdt-flex bdt-flex-middle bdt-flex-between\" id=\"bdt-ep-accordion-o-je-peux-vous-contacter-si-je-renconterai-un-soucis\" data-accordion-index=\"4\" data-title=\"o-je-peux-vous-contacter-si-je-renconterai-un-soucis\" role=\"heading\">\n\n                                                            <span class=\"bdt-ep-accordion-icon bdt-flex-align-right\" aria-hidden=\"true\">\n\n                                                                            <span class=\"bdt-ep-accordion-icon-closed\">\n                                            <i aria-hidden=\"true\" class=\"fa-fw fas fa-chevron-down\"><\/i>                                        <\/span>\n                                    \n                                                                            <span class=\"bdt-ep-accordion-icon-opened\">\n                                            <i aria-hidden=\"true\" class=\"fa-fw fas fa-chevron-up\"><\/i>                                        <\/span>\n                                    \n                                <\/span>\n                            \n                            <span class=\"bdt-ep-title-text bdt-flex bdt-flex-middle\">\n\n                                                                O\u00f9 je peux vous contacter si je renconterai un soucis ??                            <\/span>\n\n                        <\/div>\n                        <div class=\"bdt-ep-accordion-content bdt-accordion-content\">\n                            <p>Vous avez la possibilit\u00e9 de nous contacter par message sur whatsapp ou par mail .<\/p>                        <\/div>\n                    <\/div>\n                                    <div class=\"bdt-ep-accordion-item\">\n                        <div class=\"bdt-ep-accordion-title bdt-accordion-title bdt-flex bdt-flex-middle bdt-flex-between\" id=\"bdt-ep-accordion-quelles-qualits-sont-disponible\" data-accordion-index=\"5\" data-title=\"quelles-qualit-s-sont-disponible\" role=\"heading\">\n\n                                                            <span class=\"bdt-ep-accordion-icon bdt-flex-align-right\" aria-hidden=\"true\">\n\n                                                                            <span class=\"bdt-ep-accordion-icon-closed\">\n                                            <i aria-hidden=\"true\" class=\"fa-fw fas fa-chevron-down\"><\/i>                                        <\/span>\n                                    \n                                                                            <span class=\"bdt-ep-accordion-icon-opened\">\n                                            <i aria-hidden=\"true\" class=\"fa-fw fas fa-chevron-up\"><\/i>                                        <\/span>\n                                    \n                                <\/span>\n                            \n                            <span class=\"bdt-ep-title-text bdt-flex bdt-flex-middle\">\n\n                                                                Quelles qualit\u00e9s sont disponible?                            <\/span>\n\n                        <\/div>\n                        <div class=\"bdt-ep-accordion-content bdt-accordion-content\">\n                            <p>Nous proposons les cha\u00eenes en SD, HD, FullHD et HEVC(4K). Choisissez la qualit\u00e9 qui vous convient selon votre d\u00e9bit internet.<\/p>                        <\/div>\n                    <\/div>\n                                    <div class=\"bdt-ep-accordion-item\">\n                        <div class=\"bdt-ep-accordion-title bdt-accordion-title bdt-flex bdt-flex-middle bdt-flex-between\" id=\"bdt-ep-accordion-quels-sont-les-modes-de-paiement-disponibles\" data-accordion-index=\"6\" data-title=\"quels-sont-les-modes-de-paiement-disponibles\" role=\"heading\">\n\n                                                            <span class=\"bdt-ep-accordion-icon bdt-flex-align-right\" aria-hidden=\"true\">\n\n                                                                            <span class=\"bdt-ep-accordion-icon-closed\">\n                                            <i aria-hidden=\"true\" class=\"fa-fw fas fa-chevron-down\"><\/i>                                        <\/span>\n                                    \n                                                                            <span class=\"bdt-ep-accordion-icon-opened\">\n                                            <i aria-hidden=\"true\" class=\"fa-fw fas fa-chevron-up\"><\/i>                                        <\/span>\n                                    \n                                <\/span>\n                            \n                            <span class=\"bdt-ep-title-text bdt-flex bdt-flex-middle\">\n\n                                                                Quels sont les modes de paiement disponibles?                            <\/span>\n\n                        <\/div>\n                        <div class=\"bdt-ep-accordion-content bdt-accordion-content\">\n                            <p>Vous pouvez payer par votre carte bancaire(Visa, MasterCard, American Express) ou votre compte PayPal.<\/p><p>Si vous voulez payer par WesternUnion, MoneyGram ou Ria, Veuillez nous contacter.<\/p>                        <\/div>\n                    <\/div>\n                                    <div class=\"bdt-ep-accordion-item\">\n                        <div class=\"bdt-ep-accordion-title bdt-accordion-title bdt-flex bdt-flex-middle bdt-flex-between\" id=\"bdt-ep-accordion-quelles-informations-dois-je-fournir-lors-de-la-validation-dune-commande\" data-accordion-index=\"7\" data-title=\"quelles-informations-dois-je-fournir-lors-de-la-validation-d-039-une-commande\" role=\"heading\">\n\n                                                            <span class=\"bdt-ep-accordion-icon bdt-flex-align-right\" aria-hidden=\"true\">\n\n                                                                            <span class=\"bdt-ep-accordion-icon-closed\">\n                                            <i aria-hidden=\"true\" class=\"fa-fw fas fa-chevron-down\"><\/i>                                        <\/span>\n                                    \n                                                                            <span class=\"bdt-ep-accordion-icon-opened\">\n                                            <i aria-hidden=\"true\" class=\"fa-fw fas fa-chevron-up\"><\/i>                                        <\/span>\n                                    \n                                <\/span>\n                            \n                            <span class=\"bdt-ep-title-text bdt-flex bdt-flex-middle\">\n\n                                                                Quelles informations dois-je fournir lors de la validation d&#039;une commande?                            <\/span>\n\n                        <\/div>\n                        <div class=\"bdt-ep-accordion-content bdt-accordion-content\">\n                            <p>Lors du passage de votre commande, vous choisissez si vous voulez le bouquet des cha\u00eenes adultes(+18) sur votre abonnement ou pas. Vous serrez amen\u00e9 aussi \u00e0 choisir le type de votre appareil pour que nous puissions vous assister \u00e0 la configuration. (A part votre email o\u00f9 vous allez recevoir votre commande, aucune information personnelle ne sera demand\u00e9e. Vous pouvez utiliser des pseudos pour le nom et pr\u00e9nom)<\/p>                        <\/div>\n                    <\/div>\n                                    <div class=\"bdt-ep-accordion-item\">\n                        <div class=\"bdt-ep-accordion-title bdt-accordion-title bdt-flex bdt-flex-middle bdt-flex-between\" id=\"bdt-ep-accordion-jai-rencontr-un-problme-lors-de-la-validation-du-passage-de-ma-commande\" data-accordion-index=\"8\" data-title=\"j-039-ai-rencontr-un-probl-me-lors-de-la-validation-du-passage-de-ma-commande\" role=\"heading\">\n\n                                                            <span class=\"bdt-ep-accordion-icon bdt-flex-align-right\" aria-hidden=\"true\">\n\n                                                                            <span class=\"bdt-ep-accordion-icon-closed\">\n                                            <i aria-hidden=\"true\" class=\"fa-fw fas fa-chevron-down\"><\/i>                                        <\/span>\n                                    \n                                                                            <span class=\"bdt-ep-accordion-icon-opened\">\n                                            <i aria-hidden=\"true\" class=\"fa-fw fas fa-chevron-up\"><\/i>                                        <\/span>\n                                    \n                                <\/span>\n                            \n                            <span class=\"bdt-ep-title-text bdt-flex bdt-flex-middle\">\n\n                                                                J&#039;ai rencontr\u00e9 un probl\u00e8me lors de la validation du passage de ma commande.                            <\/span>\n\n                        <\/div>\n                        <div class=\"bdt-ep-accordion-content bdt-accordion-content\">\n                            <p>Si vous rencontrez un probl\u00e8me de paiement ou une erreur lors de votre passage de commande. Veuillez rev\u00e9rifier vos informations. Si le probl\u00e8me persiste, contactez nous et on vous assistera pour passer votre commande.<\/p>                        <\/div>\n                    <\/div>\n                            <\/div>\n        <\/div>\n    \t\t\t\t<\/div>\n\t\t\t\t<\/div>\n\t\t\t\t<div class=\"elementor-element elementor-element-c448f2f elementor-widget elementor-widget-heading\" data-id=\"c448f2f\" data-element_type=\"widget\" data-widget_type=\"heading.default\">\n\t\t\t\t<div class=\"elementor-widget-container\">\n\t\t\t\t\t<h2 class=\"elementor-heading-title elementor-size-default\">Vous n'avez pas obtenu votre r\u00e9ponse\u00a0?<\/h2>\t\t\t\t<\/div>\n\t\t\t\t<\/div>\n\t\t\t\t<div class=\"elementor-element elementor-element-d275a34 elementor-align-center animated-slow elementor-invisible elementor-widget elementor-widget-button\" data-id=\"d275a34\" data-element_type=\"widget\" data-settings=\"{&quot;_animation&quot;:&quot;fadeInUp&quot;,&quot;_animation_delay&quot;:300}\" data-widget_type=\"button.default\">\n\t\t\t\t<div class=\"elementor-widget-container\">\n\t\t\t\t\t\t\t\t\t<div class=\"elementor-button-wrapper\">\n\t\t\t\t\t<a class=\"elementor-button elementor-button-link elementor-size-sm\" href=\"http:\/\/iptvpremiume.com\/contact\/\">\n\t\t\t\t\t\t<span class=\"elementor-button-content-wrapper\">\n\t\t\t\t\t\t\t\t\t<span class=\"elementor-button-text\">Soumettez votre question<\/span>\n\t\t\t\t\t<\/span>\n\t\t\t\t\t<\/a>\n\t\t\t\t<\/div>\n\t\t\t\t\t\t\t\t<\/div>\n\t\t\t\t<\/div>\n\t\t\t\t\t<\/div>\n\t\t<\/div>\n\t\t\t\t\t<\/div>\n\t\t<\/div>\n\t\t\t\t<\/div>\n\t\t","protected":false},"excerpt":{"rendered":"<p>Questions fr\u00e9quemment pos\u00e9es Quelles cha\u00eenes, pays et bouquets contient l&#039;abonnement? L\u2019abonnement contient toutes les cha\u00eenes du monde entier ainsi que des milliers [&hellip;]<\/p>\n","protected":false},"author":1,"featured_media":0,"parent":0,"menu_order":0,"comment_status":"closed","ping_status":"closed","template":"","meta":{"footnotes":""},"class_list":["post-221","page","type-page","status-publish","hentry"],"_links":{"self":[{"href":"https:\/\/iptvpremiume.com\/nos-offres\/wp-json\/wp\/v2\/pages\/221","targetHints":{"allow":["GET"]}}],"collection":[{"href":"https:\/\/iptvpremiume.com\/nos-offres\/wp-json\/wp\/v2\/pages"}],"about":[{"href":"https:\/\/iptvpremiume.com\/nos-offres\/wp-json\/wp\/v2\/types\/page"}],"author":[{"embeddable":true,"href":"https:\/\/iptvpremiume.com\/nos-offres\/wp-json\/wp\/v2\/users\/1"}],"replies":[{"embeddable":true,"href":"https:\/\/iptvpremiume.com\/nos-offres\/wp-json\/wp\/v2\/comments?post=221"}],"version-history":[{"count":0,"href":"https:\/\/iptvpremiume.com\/nos-offres\/wp-json\/wp\/v2\/pages\/221\/revisions"}],"wp:attachment":[{"href":"https:\/\/iptvpremiume.com\/nos-offres\/wp-json\/wp\/v2\/media?parent=221"}],"curies":[{"name":"wp","href":"https:\/\/api.w.org\/{rel}","templated":true}]}}